{"id":2055,"date":"2024-01-12T12:23:56","date_gmt":"2024-01-12T11:23:56","guid":{"rendered":"https:\/\/www.mourstennisclub.fr\/?page_id=2055"},"modified":"2024-01-16T16:14:38","modified_gmt":"2024-01-16T15:14:38","slug":"partenariat","status":"publish","type":"page","link":"https:\/\/www.mourstennisclub.fr\/index.php\/partenariat\/","title":{"rendered":"Partenariat"},"content":{"rendered":"\n<h2 class=\"wp-block-heading\">Nos propositions de soutien<\/h2>\n\n\n\n<h4 class=\"wp-block-heading\">Panneau au bord des terrains de tennis avec votre logo<\/h4>\n\n\n\n<figure class=\"wp-block-table\"><table><tbody><tr><td><strong>150 X 0.80 m<\/strong><\/td><td><strong>400 \u20ac pour 2 an<\/strong>s<\/td><td><strong>150 \u20ac \/an supp.<\/strong><\/td><\/tr><\/tbody><\/table><figcaption class=\"wp-element-caption\">Panneau au bord des terrains de tennis avec votre logo<\/figcaption><\/figure>\n\n\n\n<div class=\"wp-block-columns is-layout-flex wp-container-core-columns-is-layout-9d6595d7 wp-block-columns-is-layout-flex\">\n<div class=\"wp-block-column is-layout-flow wp-block-column-is-layout-flow\" style=\"flex-basis:100%\">\n<h4 class=\"wp-block-heading\">Sticker sur le panneau de partenaires avec votre logo<\/h4>\n<\/div>\n<\/div>\n\n\n\n<figure class=\"wp-block-table\"><table><tbody><tr><td><strong>30 X 20 cm<\/strong><\/td><td><strong>150 \u20ac pour 2 ans<\/strong><\/td><td><strong>50 \u20ac \/an supp.<\/strong><\/td><\/tr><\/tbody><\/table><figcaption class=\"wp-element-caption\">Sticker sur le panneau de partenaires avec votre logo<\/figcaption><\/figure>\n\n\n\n<h4 class=\"wp-block-heading\">Oriflamme avec votre logo<\/h4>\n\n\n\n<figure class=\"wp-block-table\"><table><tbody><tr><td>73 X 305 cm<\/td><td>250 \u20ac<\/td><\/tr><\/tbody><\/table><figcaption class=\"wp-element-caption\">Oriflamme avec votre logo<br><\/figcaption><\/figure>\n\n\n\n<h2 class=\"wp-block-heading\">Le Parrainage :<\/h2>\n\n\n\n<p>Le parrainage, ou sponsoring, consiste pour une entreprise \u00e0 soutenir financi\u00e8rement un \u00e9v\u00e9nement, une personne, un produit ou une organisation, dans un but publicitaire. <br>Les d\u00e9penses de parrainage de l&rsquo;entreprise r\u00e9mun\u00e8rent la prestation de publicit\u00e9 rendue par l&rsquo;organisme dans le cadre de l&rsquo;op\u00e9ration de parrainage. <br>Elles correspondent \u00e0 la r\u00e9mun\u00e9ration vers\u00e9e par l&rsquo;entreprise \u00e0 l&rsquo;organisme parrain\u00e9, comme l&rsquo;indique l&rsquo;instruction BOI-BIC-RICI-20-30- 10-20 du bulletin officiel des finances publiques (BOFiP). <br>Ces d\u00e9penses sont d\u00e9ductibles du r\u00e9sultat de l&rsquo;entreprise, dans les cas pr\u00e9vus \u00e0 l&rsquo;article 39-1 7\u00b0 du code g\u00e9n\u00e9ral des imp\u00f4ts.<br>Certaines d\u00e9penses, par principe d\u00e9ductibles du r\u00e9sultat fiscal, peuvent ne plus l&rsquo;\u00eatre si elles sont consid\u00e9r\u00e9es comme excessives, indique service-public.fr dans sa fiche consacr\u00e9e aux charges d\u00e9ductibles ou non d\u00e9ductibles. <br>C&rsquo;est le cas des d\u00e9penses de parrainage si le nom ou le sigle de l\u2019entreprise n\u2019apparaissent pas et\/ou que les d\u00e9penses sont excessives au regard du chiffre d&rsquo;affaires.<\/p>\n\n\n\n<p><a href=\"https:\/\/www.economie.gouv.fr\/apie\/publications\/focus-qu-est-ce-que-parrainage\" target=\"_blank\" rel=\"noreferrer noopener\">Source : https:\/\/www.economie.gouv.fr\/apie\/publications\/focus-qu-est-ce-que-parrainage<\/a><\/p>\n\n\n\n<h2 class=\"wp-block-heading\">Le M\u00e9c\u00e9nat :<\/h2>\n\n\n\n<p>Dans le cas du m\u00e9c\u00e9nat, l&rsquo;entreprise apporte un soutien financier, humain ou mat\u00e9riel \u00e0 un organisme d&rsquo;int\u00e9r\u00eat g\u00e9n\u00e9ral, sans attendre de contrepartie \u00e9quivalente, comme indiqu\u00e9 dans l&rsquo;arr\u00eat\u00e9 du 6 janvier 1989.<br>Le site associations.gouv.fr pr\u00e9cise que \u00ab du point de vue fiscal, le m\u00e9c\u00e9nat (quelle que soit sa nature, publicitaire ou autre) doit avoir une certaine discr\u00e9tion et ne pas comporter de contrepartie publicitaire en faveur de l&rsquo;entreprise m\u00e9c\u00e8ne. \u00bb<br>Les sommes vers\u00e9es par les entreprises au titre du m\u00e9c\u00e9nat constituent des dons.<br>Les entreprises peuvent b\u00e9n\u00e9ficier de la r\u00e9duction d&rsquo;imp\u00f4t dans les conditions pr\u00e9vues \u00e0 l&rsquo;article 238 bis du CGI.<br>Soit 60 % du montant du don pour la fraction inf\u00e9rieure ou \u00e9gale \u00e0 2 000 000Cependant, le montant des dons retenus pour le calcul de la r\u00e9duction ne peut pas d\u00e9passer, sur un m\u00eame exercice, un plafond de 20 000 ou 0,5 % du chiffre d\u2019affaires annuel hors taxe de l\u2019entreprise donatrice si ce dernier montant est plus \u00e9lev\u00e9.<\/p>\n\n\n\n<p>Source : <a href=\"https:\/\/www.culture.gouv.fr\/Thematiques\/Mecenat\/Qu-est-ce-que-le-mecenat\">https:\/\/www.culture.gouv.fr\/Thematiques\/Mecenat\/Qu-est-ce-que-le-mecenat<\/a><\/p>\n\n\n\n<ul class=\"wp-block-list\">\n<li><a href=\"https:\/\/www.mourstennisclub.fr\/wp-content\/uploads\/2024\/01\/CONVENTION-DE-MECENAT.pdf\" target=\"_blank\" rel=\"noreferrer noopener\">Convention de m\u00e9c\u00e9nat<\/a><\/li>\n\n\n\n<li><a href=\"https:\/\/www.mourstennisclub.fr\/wp-content\/uploads\/2024\/01\/2041-mec-sd_4399.pdf\" target=\"_blank\" rel=\"noreferrer noopener\">T\u00e9l\u00e9charger le cerfa<\/a><\/li>\n\n\n\n<li><a href=\"https:\/\/www.mourstennisclub.fr\/wp-content\/uploads\/2024\/01\/CONTRAT-DE-SPONSORING.pdf\" target=\"_blank\" rel=\"noreferrer noopener\">Contrat de sponsoring<\/a><\/li>\n<\/ul>\n","protected":false},"excerpt":{"rendered":"<p>Nos propositions de soutien Panneau au bord des terrains de tennis avec votre logo 150 X 0.80 m 400 \u20ac pour 2 ans 150 \u20ac &hellip; <\/p>\n","protected":false},"author":1,"featured_media":0,"parent":0,"menu_order":0,"comment_status":"closed","ping_status":"closed","template":"","meta":{"om_disable_all_campaigns":false,"_uag_custom_page_level_css":"","_monsterinsights_skip_tracking":false,"_monsterinsights_sitenote_active":false,"_monsterinsights_sitenote_note":"","_monsterinsights_sitenote_category":0,"_themeisle_gutenberg_block_has_review":false,"footnotes":""},"class_list":["post-2055","page","type-page","status-publish","hentry"],"aioseo_notices":[],"uagb_featured_image_src":{"full":false,"thumbnail":false,"medium":false,"medium_large":false,"large":false,"1536x1536":false,"2048x2048":false,"bam-large":false,"bam-featured":false,"bam-list":false,"bam-thumb":false,"bam-small":false},"uagb_author_info":{"display_name":"admin5642","author_link":"https:\/\/www.mourstennisclub.fr\/index.php\/author\/admin5642\/"},"uagb_comment_info":0,"uagb_excerpt":"Nos propositions de soutien Panneau au bord des terrains de tennis avec votre logo 150 X 0.80 m 400 \u20ac pour 2 ans 150 \u20ac &hellip;","_links":{"self":[{"href":"https:\/\/www.mourstennisclub.fr\/index.php\/wp-json\/wp\/v2\/pages\/2055","targetHints":{"allow":["GET"]}}],"collection":[{"href":"https:\/\/www.mourstennisclub.fr\/index.php\/wp-json\/wp\/v2\/pages"}],"about":[{"href":"https:\/\/www.mourstennisclub.fr\/index.php\/wp-json\/wp\/v2\/types\/page"}],"author":[{"embeddable":true,"href":"https:\/\/www.mourstennisclub.fr\/index.php\/wp-json\/wp\/v2\/users\/1"}],"replies":[{"embeddable":true,"href":"https:\/\/www.mourstennisclub.fr\/index.php\/wp-json\/wp\/v2\/comments?post=2055"}],"version-history":[{"count":14,"href":"https:\/\/www.mourstennisclub.fr\/index.php\/wp-json\/wp\/v2\/pages\/2055\/revisions"}],"predecessor-version":[{"id":2115,"href":"https:\/\/www.mourstennisclub.fr\/index.php\/wp-json\/wp\/v2\/pages\/2055\/revisions\/2115"}],"wp:attachment":[{"href":"https:\/\/www.mourstennisclub.fr\/index.php\/wp-json\/wp\/v2\/media?parent=2055"}],"curies":[{"name":"wp","href":"https:\/\/api.w.org\/{rel}","templated":true}]}}