{"id":1572,"date":"2023-09-01T23:06:04","date_gmt":"2023-09-01T21:06:04","guid":{"rendered":"http:\/\/mourstb.cluster028.hosting.ovh.net\/?page_id=1572"},"modified":"2025-08-28T07:53:59","modified_gmt":"2025-08-28T05:53:59","slug":"competitions","status":"publish","type":"page","link":"https:\/\/www.mourstennisclub.fr\/index.php\/competitions\/","title":{"rendered":"Comp\u00e9titions 2025-2026"},"content":{"rendered":"\n<div data-wp-interactive=\"core\/file\" class=\"wp-block-file\"><object data-wp-bind--hidden=\"!state.hasPdfPreview\" hidden class=\"wp-block-file__embed\" data=\"https:\/\/www.mourstennisclub.fr\/wp-content\/uploads\/2025\/08\/CALENDRIER-competitions-par-EQUIPES-2025-2026.pdf\" type=\"application\/pdf\" style=\"width:100%;height:600px\" aria-label=\"Contenu embarqu\u00e9 CALENDRIER comp\u00e9titions par EQUIPES 2025-2026.\"><\/object><a id=\"wp-block-file--media-f32be215-5f66-4dfa-8a34-838ad4481fac\" href=\"https:\/\/www.mourstennisclub.fr\/wp-content\/uploads\/2025\/08\/CALENDRIER-competitions-par-EQUIPES-2025-2026.pdf\">CALENDRIER comp\u00e9titions par EQUIPES 2025-2026<\/a><a href=\"https:\/\/www.mourstennisclub.fr\/wp-content\/uploads\/2025\/08\/CALENDRIER-competitions-par-EQUIPES-2025-2026.pdf\" class=\"wp-block-file__button wp-element-button\" download aria-describedby=\"wp-block-file--media-f32be215-5f66-4dfa-8a34-838ad4481fac\">T\u00e9l\u00e9charger<\/a><\/div>\n\n\n\n<p><\/p>\n\n\n\n<h1 class=\"wp-block-heading\">Tournoi Multi Chance du 5 au 7 septembre 2025<\/h1>\n\n\n\n<p id=\"block-5d1873b2-be6f-4bdd-901b-898376f349f8\"><mark>TMC<\/mark> Homme senior,&nbsp; Open, homologu\u00e9<\/p>\n\n\n\n<p id=\"block-093cfc54-142a-4820-a4bb-1e2543ee3f0e\">&#8211; Vendredi (soir) 5 septembre, samedi 6 et dimanche 7 septembre<\/p>\n\n\n\n<p id=\"block-c6f3742d-a189-4f11-9bd6-1f668e7e0871\">&#8211; 3 matchs assur\u00e9s dans le WE (pr\u00e9voir d&rsquo;\u00eatre disponible sur les 3 jours)<\/p>\n\n\n\n<p id=\"block-e2793b51-5d8e-498b-aa77-50f907530aca\">&#8211; format de match adapt\u00e9<\/p>\n\n\n\n<p id=\"block-af4f58f5-ed2e-43e1-ab36-4af292c38ed2\">&#8211; 4\u00e8me s\u00e9rie de NC \u00e0 30\/1 inclus<\/p>\n\n\n\n<p id=\"block-970dbb75-1cb0-45ad-99ca-73389134524a\">&#8211; inscription aupr\u00e8s du juge arbitre, Bertrand Vial : 06 74 98 15 92 ou par Ten&rsquo; up<\/p>\n\n\n\n<p id=\"block-1e669e8e-f068-4b95-8c8f-e8bc41ea3020\">&#8211; date limite d&rsquo;inscription le 1er septembre<\/p>\n\n\n\n<h2 class=\"wp-block-heading\">Tournoi de Tennis club<\/h2>\n\n\n\n<ul class=\"wp-block-list\">\n<li>Championnats par \u00e9quipe\n<ul class=\"wp-block-list\">\n<li>AUTOMNE DAMES CR\u00c9DIT MUTUEL<\/li>\n\n\n\n<li>AUTOMNE MESSIEURS CR\u00c9DIT MUTUEL<\/li>\n\n\n\n<li>COUPE DES MESSIEURS<\/li>\n\n\n\n<li>CHAMPIONNAT MIXTE<\/li>\n<\/ul>\n<\/li>\n\n\n\n<li>Tournoi Open<\/li>\n\n\n\n<li>Tournoi Interne<\/li>\n\n\n\n<li>Tournoi multi-raquettes<\/li>\n\n\n\n<li>Rencontre Parents \/ Enfants<\/li>\n\n\n\n<li>Coupe FERLAY<\/li>\n<\/ul>\n\n\n\n<h2 class=\"wp-block-heading\">Beach Tennis<\/h2>\n\n\n\n<ul class=\"wp-block-list\">\n<li>Tournoi Open BT 100 jeunes <\/li>\n\n\n\n<li>Tournoi Open BT 200 mixte<\/li>\n\n\n\n<li>Tournoi Open BT 500<\/li>\n\n\n\n<li>Animation d&rsquo;entreprise<\/li>\n\n\n\n<li>Multi-raquettes inter-clubs<\/li>\n\n\n\n<li>Coupe partenaires<\/li>\n<\/ul>\n\n\n\n<p><\/p>\n","protected":false},"excerpt":{"rendered":"<p>Tournoi Multi Chance du 5 au 7 septembre 2025 TMC Homme senior,&nbsp; Open, homologu\u00e9 &#8211; Vendredi (soir) 5 septembre, samedi 6 et dimanche 7 septembre &hellip; <\/p>\n","protected":false},"author":1,"featured_media":0,"parent":0,"menu_order":0,"comment_status":"closed","ping_status":"closed","template":"","meta":{"om_disable_all_campaigns":false,"_uag_custom_page_level_css":"","_monsterinsights_skip_tracking":false,"_monsterinsights_sitenote_active":false,"_monsterinsights_sitenote_note":"","_monsterinsights_sitenote_category":0,"_themeisle_gutenberg_block_has_review":false,"footnotes":""},"class_list":["post-1572","page","type-page","status-publish","hentry"],"aioseo_notices":[],"uagb_featured_image_src":{"full":false,"thumbnail":false,"medium":false,"medium_large":false,"large":false,"1536x1536":false,"2048x2048":false,"bam-large":false,"bam-featured":false,"bam-list":false,"bam-thumb":false,"bam-small":false},"uagb_author_info":{"display_name":"admin5642","author_link":"https:\/\/www.mourstennisclub.fr\/index.php\/author\/admin5642\/"},"uagb_comment_info":0,"uagb_excerpt":"Tournoi Multi Chance du 5 au 7 septembre 2025 TMC Homme senior,&nbsp; Open, homologu\u00e9 &#8211; Vendredi (soir) 5 septembre, samedi 6 et dimanche 7 septembre &hellip;","_links":{"self":[{"href":"https:\/\/www.mourstennisclub.fr\/index.php\/wp-json\/wp\/v2\/pages\/1572","targetHints":{"allow":["GET"]}}],"collection":[{"href":"https:\/\/www.mourstennisclub.fr\/index.php\/wp-json\/wp\/v2\/pages"}],"about":[{"href":"https:\/\/www.mourstennisclub.fr\/index.php\/wp-json\/wp\/v2\/types\/page"}],"author":[{"embeddable":true,"href":"https:\/\/www.mourstennisclub.fr\/index.php\/wp-json\/wp\/v2\/users\/1"}],"replies":[{"embeddable":true,"href":"https:\/\/www.mourstennisclub.fr\/index.php\/wp-json\/wp\/v2\/comments?post=1572"}],"version-history":[{"count":15,"href":"https:\/\/www.mourstennisclub.fr\/index.php\/wp-json\/wp\/v2\/pages\/1572\/revisions"}],"predecessor-version":[{"id":2238,"href":"https:\/\/www.mourstennisclub.fr\/index.php\/wp-json\/wp\/v2\/pages\/1572\/revisions\/2238"}],"wp:attachment":[{"href":"https:\/\/www.mourstennisclub.fr\/index.php\/wp-json\/wp\/v2\/media?parent=1572"}],"curies":[{"name":"wp","href":"https:\/\/api.w.org\/{rel}","templated":true}]}}