{"id":1568,"date":"2023-09-01T23:06:12","date_gmt":"2023-09-01T21:06:12","guid":{"rendered":"http:\/\/mourstb.cluster028.hosting.ovh.net\/?page_id=1568"},"modified":"2026-04-18T14:21:00","modified_gmt":"2026-04-18T12:21:00","slug":"devenir-membre","status":"publish","type":"page","link":"https:\/\/www.mourstennisclub.fr\/index.php\/devenir-membre\/","title":{"rendered":"Le club"},"content":{"rendered":"\n<p>Situ\u00e9 en plein c\u0153ur du complexe sportif \u00ab\u00a0Les Guinches\u00a0\u00bb de Mours, le Tennis Club b\u00e9n\u00e9ficie d&rsquo;un cadre exceptionnel et d&rsquo;une vue imprenable sur le Vercors.<\/p>\n\n\n\n<p>L&rsquo;infra-structure est dot\u00e9e d&rsquo;un club-house, de 2 terrains de tennis en b\u00e9ton poreux et trois terrains de Beach-Tennis.<\/p>\n\n\n\n<p>Le club compte plus de 90 licenci\u00e9s qui pratiquent le Tennis, le Beach Tennis et le Pickleball.<\/p>\n\n\n\n<p>Les cours de Tennis sont dispens\u00e9s par un moniteur D.E. (Dipl\u00f4m\u00e9 d&rsquo;\u00c9tat).<\/p>\n\n\n\n<p>Il est possible de faire des s\u00e9ances avec avec la machine lance balles. <\/p>\n\n\n\n<p>Un grand \u00e9cran permet de visionner des s\u00e9quences prises \u00e0 l&rsquo;entra\u00eenement.<\/p>\n\n\n\n<p>Les r\u00e9servations des terrains de Tennis et de Beach Tennis se fait \u00e0 distance via l&rsquo;application Ten&rsquo;up de la F.F.T.<br><\/p>\n\n\n\n<div class=\"wp-block-uagb-advanced-heading uagb-block-6658b58a\"><h2 class=\"uagb-heading-text\">Tennis<\/h2><\/div>\n\n\n\n<p>Le club dispose de 2 terrains de quick avec vue imprenable sur le Vercors<\/p>\n\n\n\n<div id=\"wp-block-themeisle-blocks-slider-902706bf\" class=\"wp-block-themeisle-blocks-slider glide\" data-per-view=\"1\" data-gap=\"0\" data-peek=\"0\" data-autoplay=\"true\" data-height=\"400px\" data-hide-arrows=\"false\"><div class=\"glide__track\" data-glide-el=\"track\"><div class=\"glide__slides\"><div class=\"wp-block-themeisle-blocks-slider-item-wrapper glide__slide\" tabindex=\"0\"><figure><img decoding=\"async\" class=\"wp-block-themeisle-blocks-slider-item\" src=\"https:\/\/www.mourstennisclub.fr\/wp-content\/uploads\/2023\/10\/dji_0373_drone_light-scaled.jpg\" alt=\"\" title=\"\" data-id=\"1970\"\/><\/figure><\/div><div class=\"wp-block-themeisle-blocks-slider-item-wrapper glide__slide\" tabindex=\"0\"><figure><img decoding=\"async\" class=\"wp-block-themeisle-blocks-slider-item\" src=\"https:\/\/www.mourstennisclub.fr\/wp-content\/uploads\/2023\/10\/dji_0371_drone_light-scaled.jpg\" alt=\"\" title=\"\" data-id=\"1969\"\/><\/figure><\/div><div class=\"wp-block-themeisle-blocks-slider-item-wrapper glide__slide\" tabindex=\"0\"><figure><img decoding=\"async\" class=\"wp-block-themeisle-blocks-slider-item\" src=\"https:\/\/www.mourstennisclub.fr\/wp-content\/uploads\/2023\/10\/dji_0368_drone_light-scaled.jpg\" alt=\"\" title=\"\" data-id=\"1967\"\/><\/figure><\/div><div class=\"wp-block-themeisle-blocks-slider-item-wrapper glide__slide\" tabindex=\"0\"><figure><img decoding=\"async\" class=\"wp-block-themeisle-blocks-slider-item\" src=\"https:\/\/www.mourstennisclub.fr\/wp-content\/uploads\/2023\/10\/dji_0381_drone_light-scaled.jpg\" alt=\"\" title=\"\" data-id=\"1965\"\/><\/figure><\/div><div class=\"wp-block-themeisle-blocks-slider-item-wrapper glide__slide\" tabindex=\"0\"><figure><img decoding=\"async\" class=\"wp-block-themeisle-blocks-slider-item\" src=\"https:\/\/www.mourstennisclub.fr\/wp-content\/uploads\/2023\/10\/dji_0374_drone_light-scaled.jpg\" alt=\"\" title=\"\" data-id=\"1961\"\/><\/figure><\/div><div class=\"wp-block-themeisle-blocks-slider-item-wrapper glide__slide\" tabindex=\"0\"><figure><img decoding=\"async\" class=\"wp-block-themeisle-blocks-slider-item\" src=\"https:\/\/www.mourstennisclub.fr\/wp-content\/uploads\/2023\/10\/dji_0384_drone_light-scaled.jpg\" alt=\"\" title=\"\" data-id=\"1958\"\/><\/figure><\/div><div class=\"wp-block-themeisle-blocks-slider-item-wrapper glide__slide\" tabindex=\"0\"><figure><img decoding=\"async\" class=\"wp-block-themeisle-blocks-slider-item\" src=\"https:\/\/www.mourstennisclub.fr\/wp-content\/uploads\/2023\/10\/dji_0386_drone_light-scaled.jpg\" alt=\"\" title=\"\" data-id=\"1959\"\/><\/figure><\/div><div class=\"wp-block-themeisle-blocks-slider-item-wrapper glide__slide\" tabindex=\"0\"><figure><img decoding=\"async\" class=\"wp-block-themeisle-blocks-slider-item\" src=\"https:\/\/www.mourstennisclub.fr\/wp-content\/uploads\/2023\/10\/dji_0403_drone_light-scaled.jpg\" alt=\"\" title=\"\" data-id=\"1949\"\/><\/figure><\/div><\/div><div class=\"glide__bullets\" data-glide-el=\"controls[nav]\"><button class=\"glide__bullet\" data-glide-dir=\"=0\"><\/button><button class=\"glide__bullet\" data-glide-dir=\"=1\"><\/button><button class=\"glide__bullet\" data-glide-dir=\"=2\"><\/button><button class=\"glide__bullet\" data-glide-dir=\"=3\"><\/button><button class=\"glide__bullet\" data-glide-dir=\"=4\"><\/button><button class=\"glide__bullet\" data-glide-dir=\"=5\"><\/button><button class=\"glide__bullet\" data-glide-dir=\"=6\"><\/button><button class=\"glide__bullet\" data-glide-dir=\"=7\"><\/button><\/div><\/div><\/div>\n\n\n\n<div class=\"wp-block-uagb-advanced-heading uagb-block-c9da0566\"><h2 class=\"uagb-heading-text\">Beach Tennis<\/h2><\/div>\n\n\n\n<p>3 terrains de beach tennis homologu\u00e9s pour la comp\u00e9tition<\/p>\n\n\n\n<div id=\"wp-block-themeisle-blocks-slider-386c18e3\" class=\"wp-block-themeisle-blocks-slider glide\" data-per-view=\"1\" data-gap=\"0\" data-peek=\"0\" data-autoplay=\"true\" data-height=\"400px\" data-hide-arrows=\"false\"><div class=\"glide__track\" data-glide-el=\"track\"><div class=\"glide__slides\"><div class=\"wp-block-themeisle-blocks-slider-item-wrapper glide__slide\" tabindex=\"0\"><figure><img decoding=\"async\" class=\"wp-block-themeisle-blocks-slider-item\" src=\"https:\/\/www.mourstennisclub.fr\/wp-content\/uploads\/2023\/10\/dji_0378_drone_light-scaled.jpg\" alt=\"\" title=\"\" data-id=\"1963\"\/><\/figure><\/div><div class=\"wp-block-themeisle-blocks-slider-item-wrapper glide__slide\" tabindex=\"0\"><figure><img decoding=\"async\" class=\"wp-block-themeisle-blocks-slider-item\" src=\"https:\/\/www.mourstennisclub.fr\/wp-content\/uploads\/2023\/10\/dji_0411_drone_light-scaled.jpg\" alt=\"\" title=\"\" data-id=\"1944\"\/><figcaption>DCIM100MEDIADJI_0411.JPG<\/figcaption><\/figure><\/div><div class=\"wp-block-themeisle-blocks-slider-item-wrapper glide__slide\" tabindex=\"0\"><figure><img decoding=\"async\" class=\"wp-block-themeisle-blocks-slider-item\" src=\"https:\/\/www.mourstennisclub.fr\/wp-content\/uploads\/2023\/10\/dji_0409_drone_light-scaled.jpg\" alt=\"\" title=\"\" data-id=\"1942\"\/><figcaption>DCIM100MEDIADJI_0409.JPG<\/figcaption><\/figure><\/div><div class=\"wp-block-themeisle-blocks-slider-item-wrapper glide__slide\" tabindex=\"0\"><figure><img decoding=\"async\" class=\"wp-block-themeisle-blocks-slider-item\" src=\"https:\/\/www.mourstennisclub.fr\/wp-content\/uploads\/2023\/10\/dji_0408_drone_light-scaled.jpg\" alt=\"\" title=\"\" data-id=\"1941\"\/><figcaption>DCIM100MEDIADJI_0408.JPG<\/figcaption><\/figure><\/div><div class=\"wp-block-themeisle-blocks-slider-item-wrapper glide__slide\" tabindex=\"0\"><figure><img decoding=\"async\" class=\"wp-block-themeisle-blocks-slider-item\" src=\"https:\/\/www.mourstennisclub.fr\/wp-content\/uploads\/2023\/10\/dji_0418_drone_light-scaled.jpg\" alt=\"\" title=\"\" data-id=\"1939\"\/><figcaption>DCIM100MEDIADJI_0418.JPG<\/figcaption><\/figure><\/div><div class=\"wp-block-themeisle-blocks-slider-item-wrapper glide__slide\" tabindex=\"0\"><figure><img decoding=\"async\" class=\"wp-block-themeisle-blocks-slider-item\" src=\"https:\/\/www.mourstennisclub.fr\/wp-content\/uploads\/2023\/10\/dji_0415_drone_light-scaled.jpg\" alt=\"\" title=\"\" data-id=\"1937\"\/><figcaption>DCIM100MEDIADJI_0415.JPG<\/figcaption><\/figure><\/div><div class=\"wp-block-themeisle-blocks-slider-item-wrapper glide__slide\" tabindex=\"0\"><figure><img decoding=\"async\" class=\"wp-block-themeisle-blocks-slider-item\" src=\"https:\/\/www.mourstennisclub.fr\/wp-content\/uploads\/2023\/10\/dji_0424_drone_light-scaled.jpg\" alt=\"\" title=\"\" data-id=\"1934\"\/><\/figure><\/div><div class=\"wp-block-themeisle-blocks-slider-item-wrapper glide__slide\" tabindex=\"0\"><figure><img decoding=\"async\" class=\"wp-block-themeisle-blocks-slider-item\" src=\"https:\/\/www.mourstennisclub.fr\/wp-content\/uploads\/2023\/10\/dji_0421_drone_light-scaled.jpg\" alt=\"\" title=\"\" data-id=\"1931\"\/><\/figure><\/div><\/div><div class=\"glide__bullets\" data-glide-el=\"controls[nav]\"><button class=\"glide__bullet\" data-glide-dir=\"=0\"><\/button><button class=\"glide__bullet\" data-glide-dir=\"=1\"><\/button><button class=\"glide__bullet\" data-glide-dir=\"=2\"><\/button><button class=\"glide__bullet\" data-glide-dir=\"=3\"><\/button><button class=\"glide__bullet\" data-glide-dir=\"=4\"><\/button><button class=\"glide__bullet\" data-glide-dir=\"=5\"><\/button><button class=\"glide__bullet\" data-glide-dir=\"=6\"><\/button><button class=\"glide__bullet\" data-glide-dir=\"=7\"><\/button><\/div><\/div><\/div>\n\n\n\n<p>Gymnase en cas d&rsquo;intemp\u00e9rie<\/p>\n\n\n\n<figure class=\"wp-block-image size-large\"><img loading=\"lazy\" decoding=\"async\" width=\"1024\" height=\"1024\" src=\"https:\/\/www.mourstennisclub.fr\/wp-content\/uploads\/2023\/10\/Gymnase-1024x1024.jpg\" alt=\"\" class=\"wp-image-1984\" srcset=\"https:\/\/www.mourstennisclub.fr\/wp-content\/uploads\/2023\/10\/Gymnase-1024x1024.jpg 1024w, https:\/\/www.mourstennisclub.fr\/wp-content\/uploads\/2023\/10\/Gymnase-300x300.jpg 300w, https:\/\/www.mourstennisclub.fr\/wp-content\/uploads\/2023\/10\/Gymnase-150x150.jpg 150w, https:\/\/www.mourstennisclub.fr\/wp-content\/uploads\/2023\/10\/Gymnase-768x768.jpg 768w, https:\/\/www.mourstennisclub.fr\/wp-content\/uploads\/2023\/10\/Gymnase-1536x1536.jpg 1536w, https:\/\/www.mourstennisclub.fr\/wp-content\/uploads\/2023\/10\/Gymnase-2048x2048.jpg 2048w, https:\/\/www.mourstennisclub.fr\/wp-content\/uploads\/2023\/10\/Gymnase-116x116.jpg 116w\" sizes=\"auto, (max-width: 1024px) 100vw, 1024px\" \/><\/figure>\n","protected":false},"excerpt":{"rendered":"<p>Situ\u00e9 en plein c\u0153ur du complexe sportif \u00ab\u00a0Les Guinches\u00a0\u00bb de Mours, le Tennis Club b\u00e9n\u00e9ficie d&rsquo;un cadre exceptionnel et d&rsquo;une vue imprenable sur le Vercors. &hellip; <\/p>\n","protected":false},"author":1,"featured_media":0,"parent":0,"menu_order":0,"comment_status":"closed","ping_status":"closed","template":"","meta":{"om_disable_all_campaigns":false,"_uag_custom_page_level_css":"","_monsterinsights_skip_tracking":false,"_monsterinsights_sitenote_active":false,"_monsterinsights_sitenote_note":"","_monsterinsights_sitenote_category":0,"_themeisle_gutenberg_block_has_review":false,"footnotes":""},"class_list":["post-1568","page","type-page","status-publish","hentry"],"aioseo_notices":[],"uagb_featured_image_src":{"full":false,"thumbnail":false,"medium":false,"medium_large":false,"large":false,"1536x1536":false,"2048x2048":false,"bam-large":false,"bam-featured":false,"bam-list":false,"bam-thumb":false,"bam-small":false},"uagb_author_info":{"display_name":"admin5642","author_link":"https:\/\/www.mourstennisclub.fr\/index.php\/author\/admin5642\/"},"uagb_comment_info":0,"uagb_excerpt":"Situ\u00e9 en plein c\u0153ur du complexe sportif \u00ab\u00a0Les Guinches\u00a0\u00bb de Mours, le Tennis Club b\u00e9n\u00e9ficie d&rsquo;un cadre exceptionnel et d&rsquo;une vue imprenable sur le Vercors. &hellip;","_links":{"self":[{"href":"https:\/\/www.mourstennisclub.fr\/index.php\/wp-json\/wp\/v2\/pages\/1568","targetHints":{"allow":["GET"]}}],"collection":[{"href":"https:\/\/www.mourstennisclub.fr\/index.php\/wp-json\/wp\/v2\/pages"}],"about":[{"href":"https:\/\/www.mourstennisclub.fr\/index.php\/wp-json\/wp\/v2\/types\/page"}],"author":[{"embeddable":true,"href":"https:\/\/www.mourstennisclub.fr\/index.php\/wp-json\/wp\/v2\/users\/1"}],"replies":[{"embeddable":true,"href":"https:\/\/www.mourstennisclub.fr\/index.php\/wp-json\/wp\/v2\/comments?post=1568"}],"version-history":[{"count":15,"href":"https:\/\/www.mourstennisclub.fr\/index.php\/wp-json\/wp\/v2\/pages\/1568\/revisions"}],"predecessor-version":[{"id":2241,"href":"https:\/\/www.mourstennisclub.fr\/index.php\/wp-json\/wp\/v2\/pages\/1568\/revisions\/2241"}],"wp:attachment":[{"href":"https:\/\/www.mourstennisclub.fr\/index.php\/wp-json\/wp\/v2\/media?parent=1568"}],"curies":[{"name":"wp","href":"https:\/\/api.w.org\/{rel}","templated":true}]}}