{"id":1562,"date":"2023-09-01T23:06:22","date_gmt":"2023-09-01T21:06:22","guid":{"rendered":"http:\/\/mourstb.cluster028.hosting.ovh.net\/?page_id=1562"},"modified":"2024-01-14T21:10:21","modified_gmt":"2024-01-14T20:10:21","slug":"enseignement","status":"publish","type":"page","link":"https:\/\/www.mourstennisclub.fr\/index.php\/enseignement\/","title":{"rendered":"Enseignement"},"content":{"rendered":"\n<h2 class=\"wp-block-heading\">Equipe p\u00e9dagogique<\/h2>\n\n\n\n<p>Farid BOUKANDJA dipl\u00f4m\u00e9 d&rsquo;\u00e9tat<\/p>\n\n\n\n<h2 class=\"wp-block-heading\">Public<\/h2>\n\n\n\n<p>Cours adultes : collectif le mercredi soir ou en petits groupes sur demande le samedi matin<\/p>\n\n\n\n<p>Cours jeunes : mercredi apr\u00e8s-midi<\/p>\n","protected":false},"excerpt":{"rendered":"<p>Equipe p\u00e9dagogique Farid BOUKANDJA dipl\u00f4m\u00e9 d&rsquo;\u00e9tat Public Cours adultes : collectif le mercredi soir ou en petits groupes sur demande le samedi matin Cours jeunes &hellip; <\/p>\n","protected":false},"author":1,"featured_media":0,"parent":0,"menu_order":0,"comment_status":"closed","ping_status":"closed","template":"","meta":{"om_disable_all_campaigns":false,"_uag_custom_page_level_css":"","_monsterinsights_skip_tracking":false,"_monsterinsights_sitenote_active":false,"_monsterinsights_sitenote_note":"","_monsterinsights_sitenote_category":0,"_themeisle_gutenberg_block_has_review":false,"footnotes":""},"class_list":["post-1562","page","type-page","status-publish","hentry"],"aioseo_notices":[],"uagb_featured_image_src":{"full":false,"thumbnail":false,"medium":false,"medium_large":false,"large":false,"1536x1536":false,"2048x2048":false,"bam-large":false,"bam-featured":false,"bam-list":false,"bam-thumb":false,"bam-small":false},"uagb_author_info":{"display_name":"admin5642","author_link":"https:\/\/www.mourstennisclub.fr\/index.php\/author\/admin5642\/"},"uagb_comment_info":0,"uagb_excerpt":"Equipe p\u00e9dagogique Farid BOUKANDJA dipl\u00f4m\u00e9 d&rsquo;\u00e9tat Public Cours adultes : collectif le mercredi soir ou en petits groupes sur demande le samedi matin Cours jeunes &hellip;","_links":{"self":[{"href":"https:\/\/www.mourstennisclub.fr\/index.php\/wp-json\/wp\/v2\/pages\/1562","targetHints":{"allow":["GET"]}}],"collection":[{"href":"https:\/\/www.mourstennisclub.fr\/index.php\/wp-json\/wp\/v2\/pages"}],"about":[{"href":"https:\/\/www.mourstennisclub.fr\/index.php\/wp-json\/wp\/v2\/types\/page"}],"author":[{"embeddable":true,"href":"https:\/\/www.mourstennisclub.fr\/index.php\/wp-json\/wp\/v2\/users\/1"}],"replies":[{"embeddable":true,"href":"https:\/\/www.mourstennisclub.fr\/index.php\/wp-json\/wp\/v2\/comments?post=1562"}],"version-history":[{"count":7,"href":"https:\/\/www.mourstennisclub.fr\/index.php\/wp-json\/wp\/v2\/pages\/1562\/revisions"}],"predecessor-version":[{"id":2097,"href":"https:\/\/www.mourstennisclub.fr\/index.php\/wp-json\/wp\/v2\/pages\/1562\/revisions\/2097"}],"wp:attachment":[{"href":"https:\/\/www.mourstennisclub.fr\/index.php\/wp-json\/wp\/v2\/media?parent=1562"}],"curies":[{"name":"wp","href":"https:\/\/api.w.org\/{rel}","templated":true}]}}